{"id":1287,"date":"2022-06-29T07:52:20","date_gmt":"2022-06-29T04:52:20","guid":{"rendered":"https:\/\/ilvysuites.com\/suiten\/"},"modified":"2022-09-02T10:42:31","modified_gmt":"2022-09-02T07:42:31","slug":"suiten","status":"publish","type":"page","link":"https:\/\/ilvysuites.com\/de\/suiten\/","title":{"rendered":"Suiten"},"content":{"rendered":"\t\t<div data-elementor-type=\"wp-page\" data-elementor-id=\"1287\" class=\"elementor elementor-1287 elementor-202\">\n\t\t\t\t\t\t\t\t\t<section data-particle_enable=\"false\" data-particle-mobile-disabled=\"false\" class=\"elementor-section elementor-top-section elementor-element elementor-element-3f0ed83 elementor-section-height-min-height elementor-section-boxed elementor-section-height-default elementor-section-items-middle\" data-id=\"3f0ed83\" data-element_type=\"section\" data-settings=\"{&quot;background_background&quot;:&quot;classic&quot;}\">\n\t\t\t\t\t\t\t<div class=\"elementor-background-overlay\"><\/div>\n\t\t\t\t\t\t\t<div class=\"elementor-container elementor-column-gap-default\">\n\t\t\t\t\t<div class=\"elementor-column elementor-col-100 elementor-top-column elementor-element elementor-element-bf81f17\" data-id=\"bf81f17\" data-element_type=\"column\">\n\t\t\t<div class=\"elementor-widget-wrap\">\n\t\t\t\t\t\t\t\t\t<\/div>\n\t\t<\/div>\n\t\t\t\t\t\t\t<\/div>\n\t\t<\/section>\n\t\t\t\t<section data-particle_enable=\"false\" data-particle-mobile-disabled=\"false\" class=\"elementor-section elementor-top-section elementor-element elementor-element-c3db8b1 elementor-section-boxed elementor-section-height-default elementor-section-height-default\" data-id=\"c3db8b1\" data-element_type=\"section\">\n\t\t\t\t\t\t<div class=\"elementor-container elementor-column-gap-default\">\n\t\t\t\t\t<div class=\"elementor-column elementor-col-100 elementor-top-column elementor-element elementor-element-dfca2ca\" data-id=\"dfca2ca\" data-element_type=\"column\">\n\t\t\t<div class=\"elementor-widget-wrap elementor-element-populated\">\n\t\t\t\t\t\t\t\t<div class=\"elementor-element elementor-element-46aa6aa elementor-widget elementor-widget-text-editor\" data-id=\"46aa6aa\" data-element_type=\"widget\" data-widget_type=\"text-editor.default\">\n\t\t\t\t<div class=\"elementor-widget-container\">\n\t\t\t\t\t\t\tAlle unsere Suiten haben eine Veranda mit privatem Pool oder Jacuzzi im Freien und ein komfortables Wohnzimmer mit einzigartigem Blick auf das Ionische Meer. Die Schlafzimmer &#8211; ausgestattet mit Coco-mat-Schlafsystemen &#8211; verf\u00fcgen jeweils \u00fcber ein eigenes Bad und Apivita-Toilettenartikel. Unsere Suiten verf\u00fcgen \u00fcber eine K\u00fcche mit den notwendigen Ger\u00e4ten f\u00fcr die Zubereitung kleiner Mahlzeiten. Die Inneneinrichtung, die eleganten, ausgew\u00e4hlten M\u00f6bel und die sorgf\u00e4ltig ausgew\u00e4hlte komplette Ausstattung jeder Suite bilden eine moderne und komfortable Umgebung f\u00fcr Ihren Aufenthalt in Sivota. Eine der Suiten wurde f\u00fcr G\u00e4ste mit Mobilit\u00e4ts Problemen mit einem Au\u00dfenlift ausgestattet.\t\t\t\t\t\t<\/div>\n\t\t\t\t<\/div>\n\t\t\t\t\t<\/div>\n\t\t<\/div>\n\t\t\t\t\t\t\t<\/div>\n\t\t<\/section>\n\t\t\t\t<section data-particle_enable=\"false\" data-particle-mobile-disabled=\"false\" class=\"elementor-section elementor-top-section elementor-element elementor-element-ed18d54 elementor-section-boxed elementor-section-height-default elementor-section-height-default\" data-id=\"ed18d54\" data-element_type=\"section\">\n\t\t\t\t\t\t<div class=\"elementor-container elementor-column-gap-default\">\n\t\t\t\t\t<div class=\"elementor-column elementor-col-33 elementor-top-column elementor-element elementor-element-f892bba\" data-id=\"f892bba\" data-element_type=\"column\">\n\t\t\t<div class=\"elementor-widget-wrap elementor-element-populated\">\n\t\t\t\t\t\t\t\t<div class=\"elementor-element elementor-element-1889d11 content-align-cta-default eael-cta-overlay-yes elementor-widget elementor-widget-eael-cta-box\" data-id=\"1889d11\" data-element_type=\"widget\" data-widget_type=\"eael-cta-box.default\">\n\t\t\t\t<div class=\"elementor-widget-container\">\n\t\t\t\t\t<div class=\"eael-call-to-action cta-basic bg-img cta-preset-2\">\n        <h2 class=\"title\">Suite mit privatem Pool <\/h2><p>52 qm<\/p><a href=\"https:\/\/ilvysuites.com\/souita-me-idiotiki-pisina\/\" class=\"cta-button cta-btn-preset-1 \">Mehr <\/a>\t<\/div>\n\t\t\t\t\t\t<\/div>\n\t\t\t\t<\/div>\n\t\t\t\t\t<\/div>\n\t\t<\/div>\n\t\t\t\t<div class=\"elementor-column elementor-col-33 elementor-top-column elementor-element elementor-element-71bc13b\" data-id=\"71bc13b\" data-element_type=\"column\">\n\t\t\t<div class=\"elementor-widget-wrap elementor-element-populated\">\n\t\t\t\t\t\t\t\t<div class=\"elementor-element elementor-element-d772f2e content-align-cta-default eael-cta-overlay-yes elementor-widget elementor-widget-eael-cta-box\" data-id=\"d772f2e\" data-element_type=\"widget\" data-widget_type=\"eael-cta-box.default\">\n\t\t\t\t<div class=\"elementor-widget-container\">\n\t\t\t\t\t<div class=\"eael-call-to-action cta-basic bg-img cta-preset-2\">\n        <h2 class=\"title\">Maisonette-Wohnung mit Jacuzzi im Freien<\/h2><p>55 qm<\/p><a href=\"https:\/\/ilvysuites.com\/mezoneta-me-exoteriko-jacuzzi\/\" class=\"cta-button cta-btn-preset-1 \">Mehr<\/a>\t<\/div>\n\t\t\t\t\t\t<\/div>\n\t\t\t\t<\/div>\n\t\t\t\t\t<\/div>\n\t\t<\/div>\n\t\t\t\t<div class=\"elementor-column elementor-col-33 elementor-top-column elementor-element elementor-element-78d4185\" data-id=\"78d4185\" data-element_type=\"column\">\n\t\t\t<div class=\"elementor-widget-wrap elementor-element-populated\">\n\t\t\t\t\t\t\t\t<div class=\"elementor-element elementor-element-7994e30 content-align-cta-default eael-cta-overlay-yes elementor-widget elementor-widget-eael-cta-box\" data-id=\"7994e30\" data-element_type=\"widget\" data-widget_type=\"eael-cta-box.default\">\n\t\t\t\t<div class=\"elementor-widget-container\">\n\t\t\t\t\t<div class=\"eael-call-to-action cta-basic bg-img cta-preset-2\">\n        <h2 class=\"title\">Haus Ilvy<\/h2><p>105\u00a0qm<\/p><a href=\"https:\/\/ilvysuites.com\/katoikia-ilvy\/\" class=\"cta-button cta-btn-preset-1 \">Mehr<\/a>\t<\/div>\n\t\t\t\t\t\t<\/div>\n\t\t\t\t<\/div>\n\t\t\t\t\t<\/div>\n\t\t<\/div>\n\t\t\t\t\t\t\t<\/div>\n\t\t<\/section>\n\t\t\t\t<section data-particle_enable=\"false\" data-particle-mobile-disabled=\"false\" class=\"elementor-section elementor-top-section elementor-element elementor-element-076c075 elementor-section-boxed elementor-section-height-default elementor-section-height-default\" data-id=\"076c075\" data-element_type=\"section\">\n\t\t\t\t\t\t<div class=\"elementor-container elementor-column-gap-default\">\n\t\t\t\t\t<div class=\"elementor-column elementor-col-100 elementor-top-column elementor-element elementor-element-d3737fe\" data-id=\"d3737fe\" data-element_type=\"column\">\n\t\t\t<div class=\"elementor-widget-wrap elementor-element-populated\">\n\t\t\t\t\t\t\t\t<div class=\"elementor-element elementor-element-23570a8 elementor-widget elementor-widget-heading\" data-id=\"23570a8\" data-element_type=\"widget\" data-widget_type=\"heading.default\">\n\t\t\t\t<div class=\"elementor-widget-container\">\n\t\t\t<h2 class=\"elementor-heading-title elementor-size-default\">Reservieren Sie<\/h2>\t\t<\/div>\n\t\t\t\t<\/div>\n\t\t\t\t<div class=\"elementor-element elementor-element-d87d139 elementor-align-center elementor-widget elementor-widget-button\" data-id=\"d87d139\" data-element_type=\"widget\" data-widget_type=\"button.default\">\n\t\t\t\t<div class=\"elementor-widget-container\">\n\t\t\t\t\t<div class=\"elementor-button-wrapper\">\n\t\t\t<a href=\"http:\/\/ilvysuites.reserve-online.net\" class=\"elementor-button-link elementor-button elementor-size-sm\" role=\"button\">\n\t\t\t\t\t\t<span class=\"elementor-button-content-wrapper\">\n\t\t\t\t\t\t<span class=\"elementor-button-text\">Buchung<\/span>\n\t\t<\/span>\n\t\t\t\t\t<\/a>\n\t\t<\/div>\n\t\t\t\t<\/div>\n\t\t\t\t<\/div>\n\t\t\t\t\t<\/div>\n\t\t<\/div>\n\t\t\t\t\t\t\t<\/div>\n\t\t<\/section>\n\t\t\t\t\t\t\t<\/div>\n\t\t","protected":false},"excerpt":{"rendered":"<p>Alle unsere Suiten haben eine Veranda mit privatem Pool oder Jacuzzi im Freien und ein komfortables Wohnzimmer mit einzigartigem Blick auf das Ionische Meer. Die Schlafzimmer &#8211; ausgestattet mit Coco-mat-Schlafsystemen &#8211; verf\u00fcgen jeweils \u00fcber ein eigenes Bad und Apivita-Toilettenartikel. Unsere Suiten verf\u00fcgen \u00fcber eine K\u00fcche mit den notwendigen Ger\u00e4ten f\u00fcr die Zubereitung kleiner Mahlzeiten. Die [&hellip;]<\/p>\n","protected":false},"author":1,"featured_media":0,"parent":0,"menu_order":0,"comment_status":"closed","ping_status":"closed","template":"","meta":{"footnotes":""},"class_list":["post-1287","page","type-page","status-publish","hentry"],"_links":{"self":[{"href":"https:\/\/ilvysuites.com\/de\/wp-json\/wp\/v2\/pages\/1287","targetHints":{"allow":["GET"]}}],"collection":[{"href":"https:\/\/ilvysuites.com\/de\/wp-json\/wp\/v2\/pages"}],"about":[{"href":"https:\/\/ilvysuites.com\/de\/wp-json\/wp\/v2\/types\/page"}],"author":[{"embeddable":true,"href":"https:\/\/ilvysuites.com\/de\/wp-json\/wp\/v2\/users\/1"}],"replies":[{"embeddable":true,"href":"https:\/\/ilvysuites.com\/de\/wp-json\/wp\/v2\/comments?post=1287"}],"version-history":[{"count":1,"href":"https:\/\/ilvysuites.com\/de\/wp-json\/wp\/v2\/pages\/1287\/revisions"}],"predecessor-version":[{"id":1288,"href":"https:\/\/ilvysuites.com\/de\/wp-json\/wp\/v2\/pages\/1287\/revisions\/1288"}],"wp:attachment":[{"href":"https:\/\/ilvysuites.com\/de\/wp-json\/wp\/v2\/media?parent=1287"}],"curies":[{"name":"wp","href":"https:\/\/api.w.org\/{rel}","templated":true}]}}